{"id":49,"date":"2019-06-05T04:19:37","date_gmt":"2019-06-05T04:19:37","guid":{"rendered":"http:\/\/estudiopatagon.com\/themes\/wordpress\/breek\/?page_id=49"},"modified":"2024-12-19T11:49:59","modified_gmt":"2024-12-19T10:49:59","slug":"home-carousel","status":"publish","type":"page","link":"https:\/\/www.codeur.com\/tuto\/home-carousel\/","title":{"rendered":"Codeur Tuto &#8211; Le meilleur des tutos pour le web"},"content":{"rendered":"","protected":false},"excerpt":{"rendered":"","protected":false},"author":5,"featured_media":0,"parent":0,"menu_order":0,"comment_status":"closed","ping_status":"closed","template":"page-templates\/home.php","meta":{"csco_singular_sidebar":"","csco_page_header_type":"","csco_page_load_nextpost":"","footnotes":""},"class_list":{"0":"post-49","1":"page","2":"type-page","3":"status-publish","5":"cs-entry"},"yoast_head":"<!-- This site is optimized with the Yoast SEO plugin v25.3.1 - https:\/\/yoast.com\/wordpress\/plugins\/seo\/ -->\n<title>Codeur Tuto - Le meilleur des tutos gratuits pour le web<\/title>\n<meta name=\"description\" content=\"D\u00e9couvrez tous les tutoriels r\u00e9alis\u00e9s par l&#039;\u00e9quipe de Codeur.com pour vous aider dans le d\u00e9veloppement de vos projets web.\" \/>\n<meta name=\"robots\" content=\"index, follow, max-snippet:-1, max-image-preview:large, max-video-preview:-1\" \/>\n<link rel=\"canonical\" href=\"https:\/\/www.codeur.com\/tuto\/home-carousel\/\" \/>\n<meta property=\"og:locale\" content=\"fr_FR\" \/>\n<meta property=\"og:type\" content=\"article\" \/>\n<meta property=\"og:title\" content=\"Codeur Tuto - Le meilleur des tutos gratuits pour le web\" \/>\n<meta property=\"og:description\" content=\"D\u00e9couvrez tous les tutoriels r\u00e9alis\u00e9s par l&#039;\u00e9quipe de Codeur.com pour vous aider dans le d\u00e9veloppement de vos projets web.\" \/>\n<meta property=\"og:url\" content=\"https:\/\/www.codeur.com\/tuto\/home-carousel\/\" \/>\n<meta property=\"og:site_name\" content=\"Codeur Tuto\" \/>\n<meta property=\"article:publisher\" content=\"https:\/\/www.facebook.com\/codeurfreelance\" \/>\n<meta property=\"article:modified_time\" content=\"2024-12-19T10:49:59+00:00\" \/>\n<meta name=\"twitter:card\" content=\"summary_large_image\" \/>\n<meta name=\"twitter:site\" content=\"@Codeur\" \/>\n<script type=\"application\/ld+json\" class=\"yoast-schema-graph\">{\"@context\":\"https:\/\/schema.org\",\"@graph\":[{\"@type\":\"WebPage\",\"@id\":\"https:\/\/www.codeur.com\/tuto\/home-carousel\/\",\"url\":\"https:\/\/www.codeur.com\/tuto\/home-carousel\/\",\"name\":\"Codeur Tuto - Le meilleur des tutos gratuits pour le web\",\"isPartOf\":{\"@id\":\"https:\/\/www.codeur.com\/tuto\/#website\"},\"datePublished\":\"2019-06-05T04:19:37+00:00\",\"dateModified\":\"2024-12-19T10:49:59+00:00\",\"description\":\"D\u00e9couvrez tous les tutoriels r\u00e9alis\u00e9s par l'\u00e9quipe de Codeur.com pour vous aider dans le d\u00e9veloppement de vos projets web.\",\"breadcrumb\":{\"@id\":\"https:\/\/www.codeur.com\/tuto\/home-carousel\/#breadcrumb\"},\"inLanguage\":\"fr-FR\",\"potentialAction\":[{\"@type\":\"ReadAction\",\"target\":[\"https:\/\/www.codeur.com\/tuto\/home-carousel\/\"]}]},{\"@type\":\"BreadcrumbList\",\"@id\":\"https:\/\/www.codeur.com\/tuto\/home-carousel\/#breadcrumb\",\"itemListElement\":[{\"@type\":\"ListItem\",\"position\":1,\"name\":\"Tuto\",\"item\":\"https:\/\/www.codeur.com\/tuto\/\"},{\"@type\":\"ListItem\",\"position\":2,\"name\":\"Codeur Tuto &#8211; Le meilleur des tutos pour le web\"}]},{\"@type\":\"WebSite\",\"@id\":\"https:\/\/www.codeur.com\/tuto\/#website\",\"url\":\"https:\/\/www.codeur.com\/tuto\/\",\"name\":\"Codeur Tuto\",\"description\":\"Des tutoriels gratuits pour apprendre \u00e0 cr\u00e9er et optimiser votre site et g\u00e9rer les outils marketing essentiels\",\"publisher\":{\"@id\":\"https:\/\/www.codeur.com\/tuto\/#organization\"},\"potentialAction\":[{\"@type\":\"SearchAction\",\"target\":{\"@type\":\"EntryPoint\",\"urlTemplate\":\"https:\/\/www.codeur.com\/tuto\/?s={search_term_string}\"},\"query-input\":{\"@type\":\"PropertyValueSpecification\",\"valueRequired\":true,\"valueName\":\"search_term_string\"}}],\"inLanguage\":\"fr-FR\"},{\"@type\":\"Organization\",\"@id\":\"https:\/\/www.codeur.com\/tuto\/#organization\",\"name\":\"Codeur.com\",\"url\":\"https:\/\/www.codeur.com\/tuto\/\",\"logo\":{\"@type\":\"ImageObject\",\"inLanguage\":\"fr-FR\",\"@id\":\"https:\/\/www.codeur.com\/tuto\/#\/schema\/logo\/image\/\",\"url\":\"https:\/\/www.codeur.com\/tuto\/wp-content\/uploads\/2020\/04\/logo-codeur-com-1.png\",\"contentUrl\":\"https:\/\/www.codeur.com\/tuto\/wp-content\/uploads\/2020\/04\/logo-codeur-com-1.png\",\"width\":2752,\"height\":500,\"caption\":\"Codeur.com\"},\"image\":{\"@id\":\"https:\/\/www.codeur.com\/tuto\/#\/schema\/logo\/image\/\"},\"sameAs\":[\"https:\/\/www.facebook.com\/codeurfreelance\",\"https:\/\/x.com\/Codeur\",\"https:\/\/www.linkedin.com\/company\/437704\/\",\"https:\/\/www.youtube.com\/channel\/UCkFbWHr1RcEZ4GbZmUN7Vsw\"]}]}<\/script>\n<!-- \/ Yoast SEO plugin. -->","yoast_head_json":{"title":"Codeur Tuto - Le meilleur des tutos gratuits pour le web","description":"D\u00e9couvrez tous les tutoriels r\u00e9alis\u00e9s par l'\u00e9quipe de Codeur.com pour vous aider dans le d\u00e9veloppement de vos projets web.","robots":{"index":"index","follow":"follow","max-snippet":"max-snippet:-1","max-image-preview":"max-image-preview:large","max-video-preview":"max-video-preview:-1"},"canonical":"https:\/\/www.codeur.com\/tuto\/home-carousel\/","og_locale":"fr_FR","og_type":"article","og_title":"Codeur Tuto - Le meilleur des tutos gratuits pour le web","og_description":"D\u00e9couvrez tous les tutoriels r\u00e9alis\u00e9s par l'\u00e9quipe de Codeur.com pour vous aider dans le d\u00e9veloppement de vos projets web.","og_url":"https:\/\/www.codeur.com\/tuto\/home-carousel\/","og_site_name":"Codeur Tuto","article_publisher":"https:\/\/www.facebook.com\/codeurfreelance","article_modified_time":"2024-12-19T10:49:59+00:00","twitter_card":"summary_large_image","twitter_site":"@Codeur","schema":{"@context":"https:\/\/schema.org","@graph":[{"@type":"WebPage","@id":"https:\/\/www.codeur.com\/tuto\/home-carousel\/","url":"https:\/\/www.codeur.com\/tuto\/home-carousel\/","name":"Codeur Tuto - Le meilleur des tutos gratuits pour le web","isPartOf":{"@id":"https:\/\/www.codeur.com\/tuto\/#website"},"datePublished":"2019-06-05T04:19:37+00:00","dateModified":"2024-12-19T10:49:59+00:00","description":"D\u00e9couvrez tous les tutoriels r\u00e9alis\u00e9s par l'\u00e9quipe de Codeur.com pour vous aider dans le d\u00e9veloppement de vos projets web.","breadcrumb":{"@id":"https:\/\/www.codeur.com\/tuto\/home-carousel\/#breadcrumb"},"inLanguage":"fr-FR","potentialAction":[{"@type":"ReadAction","target":["https:\/\/www.codeur.com\/tuto\/home-carousel\/"]}]},{"@type":"BreadcrumbList","@id":"https:\/\/www.codeur.com\/tuto\/home-carousel\/#breadcrumb","itemListElement":[{"@type":"ListItem","position":1,"name":"Tuto","item":"https:\/\/www.codeur.com\/tuto\/"},{"@type":"ListItem","position":2,"name":"Codeur Tuto &#8211; Le meilleur des tutos pour le web"}]},{"@type":"WebSite","@id":"https:\/\/www.codeur.com\/tuto\/#website","url":"https:\/\/www.codeur.com\/tuto\/","name":"Codeur Tuto","description":"Des tutoriels gratuits pour apprendre \u00e0 cr\u00e9er et optimiser votre site et g\u00e9rer les outils marketing essentiels","publisher":{"@id":"https:\/\/www.codeur.com\/tuto\/#organization"},"potentialAction":[{"@type":"SearchAction","target":{"@type":"EntryPoint","urlTemplate":"https:\/\/www.codeur.com\/tuto\/?s={search_term_string}"},"query-input":{"@type":"PropertyValueSpecification","valueRequired":true,"valueName":"search_term_string"}}],"inLanguage":"fr-FR"},{"@type":"Organization","@id":"https:\/\/www.codeur.com\/tuto\/#organization","name":"Codeur.com","url":"https:\/\/www.codeur.com\/tuto\/","logo":{"@type":"ImageObject","inLanguage":"fr-FR","@id":"https:\/\/www.codeur.com\/tuto\/#\/schema\/logo\/image\/","url":"https:\/\/www.codeur.com\/tuto\/wp-content\/uploads\/2020\/04\/logo-codeur-com-1.png","contentUrl":"https:\/\/www.codeur.com\/tuto\/wp-content\/uploads\/2020\/04\/logo-codeur-com-1.png","width":2752,"height":500,"caption":"Codeur.com"},"image":{"@id":"https:\/\/www.codeur.com\/tuto\/#\/schema\/logo\/image\/"},"sameAs":["https:\/\/www.facebook.com\/codeurfreelance","https:\/\/x.com\/Codeur","https:\/\/www.linkedin.com\/company\/437704\/","https:\/\/www.youtube.com\/channel\/UCkFbWHr1RcEZ4GbZmUN7Vsw"]}]}},"_links":{"self":[{"href":"https:\/\/www.codeur.com\/tuto\/wp-json\/wp\/v2\/pages\/49","targetHints":{"allow":["GET"]}}],"collection":[{"href":"https:\/\/www.codeur.com\/tuto\/wp-json\/wp\/v2\/pages"}],"about":[{"href":"https:\/\/www.codeur.com\/tuto\/wp-json\/wp\/v2\/types\/page"}],"author":[{"embeddable":true,"href":"https:\/\/www.codeur.com\/tuto\/wp-json\/wp\/v2\/users\/5"}],"replies":[{"embeddable":true,"href":"https:\/\/www.codeur.com\/tuto\/wp-json\/wp\/v2\/comments?post=49"}],"version-history":[{"count":6,"href":"https:\/\/www.codeur.com\/tuto\/wp-json\/wp\/v2\/pages\/49\/revisions"}],"predecessor-version":[{"id":7670,"href":"https:\/\/www.codeur.com\/tuto\/wp-json\/wp\/v2\/pages\/49\/revisions\/7670"}],"wp:attachment":[{"href":"https:\/\/www.codeur.com\/tuto\/wp-json\/wp\/v2\/media?parent=49"}],"curies":[{"name":"wp","href":"https:\/\/api.w.org\/{rel}","templated":true}]}}